{"id":28970,"date":"2020-02-19T13:59:34","date_gmt":"2020-02-19T12:59:34","guid":{"rendered":"https:\/\/swiss-merino.ch\/?page_id=28970"},"modified":"2020-02-23T08:13:26","modified_gmt":"2020-02-23T07:13:26","slug":"impressum","status":"publish","type":"page","link":"https:\/\/swiss-merino.ch\/de\/impressum\/","title":{"rendered":"Impressum"},"content":{"rendered":"<div data-elementor-type=\"wp-page\" data-elementor-id=\"28970\" class=\"elementor elementor-28970\" data-elementor-post-type=\"page\">\n\t\t\t\t\t\t<section class=\"elementor-section elementor-top-section elementor-element elementor-element-1639e886 elementor-section-boxed elementor-section-height-default elementor-section-height-default\" data-id=\"1639e886\" data-element_type=\"section\" data-e-type=\"section\">\n\t\t\t\t\t\t<div class=\"elementor-container elementor-column-gap-default\">\n\t\t\t\t\t<div class=\"elementor-column elementor-col-100 elementor-top-column elementor-element elementor-element-53f03e54\" data-id=\"53f03e54\" data-element_type=\"column\" data-e-type=\"column\">\n\t\t\t<div class=\"elementor-widget-wrap elementor-element-populated\">\n\t\t\t\t\t\t<div class=\"elementor-element elementor-element-3835e699 elementor-widget elementor-widget-text-editor\" data-id=\"3835e699\" data-element_type=\"widget\" data-e-type=\"widget\" data-widget_type=\"text-editor.default\">\n\t\t\t\t<div class=\"elementor-widget-container\">\n\t\t\t\t\t\t\t\t\t<h3>Impressum<\/h3><div><p><strong>Die Webseite und deren Inhalt ist eine Dienstleistung von<\/strong><\/p><p>Cecile Aschwanden<\/p><p>c\/o Spycher Handwerk AG, B\u00e4ch 4, CH-4953 Huttwil<\/p><p><b>Verantwortlich f\u00fcr den Inhalt zeichnet:<\/b><\/p><p>C\u00e9cile Aschwanden (info@swiss-merino.ch)<\/p><h5>Haftungshinweis<\/h5><p>Die Autoren stellt die Inhalte dieser Website als Informationsdienstleistung zur Verf\u00fcgung. Haftungsanspr\u00fcche gegen die Autoren wegen Sch\u00e4den materieller oder immaterieller Art, welche aus dem Zugriff oder der Nutzung bzw. Nichtnutzung der ver\u00f6ffentlichten Informationen, durch Missbrauch der Verbindung oder durch technische St\u00f6rungen entstanden sind, werden ausgeschlossen. Werden aufgrund dieser Angaben Dispositionen getroffen, erfolgt dies auf eigene Verantwortung.<\/p><p>Alle Angebote sind unverbindlich. Die Autoren behalten es sich ausdr\u00fccklich vor, Teile der Seiten oder das gesamte Angebot ohne besondere Ank\u00fcndigung zu ver\u00e4ndern, zu erg\u00e4nzen, zu l\u00f6schen oder die Ver\u00f6ffentlichung zeitweise oder endg\u00fcltig einzustellen.<\/p><p>Die Autoren \u00fcbernehmen keine Haftung daf\u00fcr, dass alle Funktionen auf dieser Website fehlerlos sind, dass Fehler behoben werden oder dass diese Website bzw. der jeweilige Server frei ist von sch\u00e4dlichen Bestandteilen. Diese Website enth\u00e4lt Weblinks auf andere Seiten, die von Dritten in eigener Verantwortung betrieben werden. Verweise und Links auf Webseiten Dritter liegen ausserhalb unseres Verantwortungsbereichs. Es wird jegliche Verantwortung f\u00fcr solche Webseiten abgelehnt. Der Zugriff und die Nutzung solcher Webseiten erfolgen auf eigene Gefahr des jeweiligen Nutzers.<\/p><p><strong>Urheberrechte<\/strong><\/p><p>Die Urheber- und alle anderen Rechte an Inhalten, Bildern, Fotos oder anderen Dateien auf dieser Website, geh\u00f6ren ausschliesslich <strong>Cecile Aschwanden oder der juristischen Person Spycher Handwerk<\/strong> oder den speziell genannten Rechteinhabern. Sofern nicht anders ausgewiesen, stehen Inhalte dieser Website unter \u00a0<a href=\"http:\/\/creativecommons.org\/licenses\/by-sa\/4.0\/deed.de\" target=\"_blank\" rel=\"noopener noreferrer\">CC-BY-SA<\/a><\/p><\/div>\t\t\t\t\t\t\t\t<\/div>\n\t\t\t\t<\/div>\n\t\t\t\t\t<\/div>\n\t\t<\/div>\n\t\t\t\t\t<\/div>\n\t\t<\/section>\n\t\t\t\t<\/div>","protected":false},"excerpt":{"rendered":"<p>Impressum Die Webseite und deren Inhalt ist eine Dienstleistung von Cecile Aschwanden c\/o Spycher Handwerk AG, B\u00e4ch 4, CH-4953 Huttwil Verantwortlich f\u00fcr den Inhalt zeichnet: C\u00e9cile Aschwanden (info@swiss-merino.ch) Haftungshinweis Die Autoren stellt die Inhalte dieser Website als Informationsdienstleistung zur Verf\u00fcgung. Haftungsanspr\u00fcche gegen die Autoren wegen Sch\u00e4den materieller oder immaterieller Art, welche aus dem Zugriff oder [&hellip;]<\/p>\n","protected":false},"author":1,"featured_media":0,"parent":0,"menu_order":0,"comment_status":"closed","ping_status":"closed","template":"","meta":{"site-sidebar-layout":"no-sidebar","site-content-layout":"page-builder","ast-site-content-layout":"default","site-content-style":"default","site-sidebar-style":"default","ast-global-header-display":"","ast-banner-title-visibility":"","ast-main-header-display":"","ast-hfb-above-header-display":"","ast-hfb-below-header-display":"","ast-hfb-mobile-header-display":"","site-post-title":"disabled","ast-breadcrumbs-content":"","ast-featured-img":"disabled","footer-sml-layout":"","ast-disable-related-posts":"","theme-transparent-header-meta":"default","adv-header-id-meta":"","stick-header-meta":"","header-above-stick-meta":"","header-main-stick-meta":"","header-below-stick-meta":"","astra-migrate-meta-layouts":"default","ast-page-background-enabled":"default","ast-page-background-meta":{"desktop":{"background-color":"","background-image":"","background-repeat":"repeat","background-position":"center center","background-size":"auto","background-attachment":"scroll","background-type":"","background-media":"","overlay-type":"","overlay-color":"","overlay-opacity":"","overlay-gradient":""},"tablet":{"background-color":"","background-image":"","background-repeat":"repeat","background-position":"center center","background-size":"auto","background-attachment":"scroll","background-type":"","background-media":"","overlay-type":"","overlay-color":"","overlay-opacity":"","overlay-gradient":""},"mobile":{"background-color":"","background-image":"","background-repeat":"repeat","background-position":"center center","background-size":"auto","background-attachment":"scroll","background-type":"","background-media":"","overlay-type":"","overlay-color":"","overlay-opacity":"","overlay-gradient":""}},"ast-content-background-meta":{"desktop":{"background-color":"var(--ast-global-color-5)","background-image":"","background-repeat":"repeat","background-position":"center center","background-size":"auto","background-attachment":"scroll","background-type":"","background-media":"","overlay-type":"","overlay-color":"","overlay-opacity":"","overlay-gradient":""},"tablet":{"background-color":"var(--ast-global-color-5)","background-image":"","background-repeat":"repeat","background-position":"center center","background-size":"auto","background-attachment":"scroll","background-type":"","background-media":"","overlay-type":"","overlay-color":"","overlay-opacity":"","overlay-gradient":""},"mobile":{"background-color":"var(--ast-global-color-5)","background-image":"","background-repeat":"repeat","background-position":"center center","background-size":"auto","background-attachment":"scroll","background-type":"","background-media":"","overlay-type":"","overlay-color":"","overlay-opacity":"","overlay-gradient":""}},"footnotes":""},"class_list":["post-28970","page","type-page","status-publish","hentry"],"_links":{"self":[{"href":"https:\/\/swiss-merino.ch\/de\/wp-json\/wp\/v2\/pages\/28970","targetHints":{"allow":["GET"]}}],"collection":[{"href":"https:\/\/swiss-merino.ch\/de\/wp-json\/wp\/v2\/pages"}],"about":[{"href":"https:\/\/swiss-merino.ch\/de\/wp-json\/wp\/v2\/types\/page"}],"author":[{"embeddable":true,"href":"https:\/\/swiss-merino.ch\/de\/wp-json\/wp\/v2\/users\/1"}],"replies":[{"embeddable":true,"href":"https:\/\/swiss-merino.ch\/de\/wp-json\/wp\/v2\/comments?post=28970"}],"version-history":[{"count":3,"href":"https:\/\/swiss-merino.ch\/de\/wp-json\/wp\/v2\/pages\/28970\/revisions"}],"predecessor-version":[{"id":28992,"href":"https:\/\/swiss-merino.ch\/de\/wp-json\/wp\/v2\/pages\/28970\/revisions\/28992"}],"wp:attachment":[{"href":"https:\/\/swiss-merino.ch\/de\/wp-json\/wp\/v2\/media?parent=28970"}],"curies":[{"name":"wp","href":"https:\/\/api.w.org\/{rel}","templated":true}]}}